{"id":444,"date":"2024-01-03T17:58:29","date_gmt":"2024-01-03T17:58:29","guid":{"rendered":"https:\/\/marketingpoienita.ro\/?page_id=444"},"modified":"2024-01-09T10:19:36","modified_gmt":"2024-01-09T10:19:36","slug":"principii","status":"publish","type":"page","link":"https:\/\/marketingpoienita.ro\/index.php\/principii\/","title":{"rendered":"Principii"},"content":{"rendered":"<div class=\"wpb-content-wrapper\"><p>[vc_row][vc_column]<div class=\"porto-u-heading  wpb_custom_95aa9a11c17ad45cfabaf210d84ee7cc porto-u-2381\"><div class=\"porto-u-main-heading\"><h2  >Transform\u0103-\u021bi organiza\u021bia<\/h2><\/div><div class=\"porto-u-sub-heading\" style=\"\">Transformarea unei organiza\u021bii prin inova\u021bie este un proces esen\u021bial pentru adaptare, cre\u0219tere \u0219i sustenabilitate pe termen lung.<\/div><style>.porto-u-2381.porto-u-heading{text-align:center}<\/style><\/div>[\/vc_column][\/vc_row][vc_row][vc_column]<div class=\"porto-faqs porto-faqsmxgc wpb_content_element \">\r\n\t<div class=\"page-faqs clearfix wpb_custom_7fe7ddf8f1a240d6488c8a8c41279112\" id=\"porto_faqs_xdip\">\r\n\r\n\t\t\r\n\t\t\r\n\t\t<div class=\"faq-row faqs-container\">\r\n\t\t\t\r\n<div class=\"faq post-441 type-faq status-publish hentry\">\r\n\t<section class=\"toggle\">\r\n\t\t<label>Cultura Organiza\u021bional\u0103<\/label>\r\n\t\t<div class=\"toggle-content\">\r\n\t\t<h3 class=\"entry-title\" style=\"display: none;\">Cultura Organiza\u021bional\u0103<\/h3><span class=\"vcard\" style=\"display: none;\"><span class=\"fn\"><a href=\"https:\/\/marketingpoienita.ro\/index.php\/author\/poienita_user_wp\/\" title=\"Articole de Administrator\" rel=\"author\">Administrator<\/a><\/span><\/span><span class=\"updated\" style=\"display:none\">2023-12-28T09:04:06+00:00<\/span>\n<p>\u00cencepe prin a cultiva o cultur\u0103 care \u00eencurajeaz\u0103 curiozitatea, asumarea riscului \u0219i \u00eenv\u0103\u021barea continu\u0103. Angaja\u021bii ar trebui s\u0103 se simt\u0103 liberi s\u0103 propun\u0103 idei noi \u0219i s\u0103 experimenteze f\u0103r\u0103 teama de e\u0219ec.<\/p>\n\t\t<\/div>\r\n\t<\/section>\r\n<\/div>\r\n\r\n<div class=\"faq post-440 type-faq status-publish hentry\">\r\n\t<section class=\"toggle\">\r\n\t\t<label>Comunicare Deschis\u0103<\/label>\r\n\t\t<div class=\"toggle-content\">\r\n\t\t<h3 class=\"entry-title\" style=\"display: none;\">Comunicare Deschis\u0103<\/h3><span class=\"vcard\" style=\"display: none;\"><span class=\"fn\"><a href=\"https:\/\/marketingpoienita.ro\/index.php\/author\/poienita_user_wp\/\" title=\"Articole de Administrator\" rel=\"author\">Administrator<\/a><\/span><\/span><span class=\"updated\" style=\"display:none\">2023-12-28T09:03:39+00:00<\/span>\n<p>Crearea unui canal de comunicare deschis \u00eentre toate nivelurile organiza\u021bionale este crucial\u0103. Acest lucru permite fluxul liber al ideilor \u0219i asigur\u0103 c\u0103 toat\u0103 lumea se simte implicat\u0103 \u0219i valorizat\u0103.<\/p>\n\t\t<\/div>\r\n\t<\/section>\r\n<\/div>\r\n\r\n<div class=\"faq post-439 type-faq status-publish hentry\">\r\n\t<section class=\"toggle\">\r\n\t\t<label>Investi\u021bii \u00een Tehnologie<\/label>\r\n\t\t<div class=\"toggle-content\">\r\n\t\t<h3 class=\"entry-title\" style=\"display: none;\">Investi\u021bii \u00een Tehnologie<\/h3><span class=\"vcard\" style=\"display: none;\"><span class=\"fn\"><a href=\"https:\/\/marketingpoienita.ro\/index.php\/author\/poienita_user_wp\/\" title=\"Articole de Administrator\" rel=\"author\">Administrator<\/a><\/span><\/span><span class=\"updated\" style=\"display:none\">2024-01-03T17:44:54+00:00<\/span>\n<p>Adoptarea \u0219i integrarea tehnologiei pot revolu\u021biona opera\u021biunile unei organiza\u021bii. Poate fi vorba despre implementarea inteligen\u021bei artificiale, automatizarea proceselor sau utilizarea altor instrumente digitale care pot optimiza eficien\u021ba \u0219i productivitatea.<\/p>\n\t\t<\/div>\r\n\t<\/section>\r\n<\/div>\r\n\r\n<div class=\"faq post-437 type-faq status-publish hentry\">\r\n\t<section class=\"toggle\">\r\n\t\t<label>Feedback \u0219i Itera\u021bie<\/label>\r\n\t\t<div class=\"toggle-content\">\r\n\t\t<h3 class=\"entry-title\" style=\"display: none;\">Feedback \u0219i Itera\u021bie<\/h3><span class=\"vcard\" style=\"display: none;\"><span class=\"fn\"><a href=\"https:\/\/marketingpoienita.ro\/index.php\/author\/poienita_user_wp\/\" title=\"Articole de Administrator\" rel=\"author\">Administrator<\/a><\/span><\/span><span class=\"updated\" style=\"display:none\">2023-12-28T09:00:55+00:00<\/span>\n<p>\u00cencurajeaz\u0103 feedback-ul constant \u0219i itera\u021bia. \u00cenlocuie\u0219te abord\u0103rile rigide cu procese agile, unde organiza\u021bia poate r\u0103spunde rapid la schimb\u0103ri \u0219i poate ajusta strategiile \u00een func\u021bie de feedback \u0219i rezultate.<\/p>\n\t\t<\/div>\r\n\t<\/section>\r\n<\/div>\r\n\r\n<div class=\"faq post-139 type-faq status-publish hentry\">\r\n\t<section class=\"toggle\">\r\n\t\t<label>Parteneriate \u0219i Colabor\u0103ri<\/label>\r\n\t\t<div class=\"toggle-content\">\r\n\t\t<h3 class=\"entry-title\" style=\"display: none;\">Parteneriate \u0219i Colabor\u0103ri<\/h3><span class=\"vcard\" style=\"display: none;\"><span class=\"fn\"><a href=\"https:\/\/marketingpoienita.ro\/index.php\/author\/poienita_user_wp\/\" title=\"Articole de Administrator\" rel=\"author\">Administrator<\/a><\/span><\/span><span class=\"updated\" style=\"display:none\">2023-12-28T08:56:09+00:00<\/span>\n<p>\u00cencheierea de parteneriate cu start-up-uri, universit\u0103\u021bi sau alte organiza\u021bii poate aduce noi perspective \u0219i abord\u0103ri inovatoare. Aceste colabor\u0103ri pot facilita transferul de cuno\u0219tin\u021be \u0219i tehnologii.<\/p>\n\t\t<\/div>\r\n\t<\/section>\r\n<\/div>\r\n\r\n<div class=\"faq post-138 type-faq status-publish hentry\">\r\n\t<section class=\"toggle\">\r\n\t\t<label>Inovare Deschis\u0103<\/label>\r\n\t\t<div class=\"toggle-content\">\r\n\t\t<h3 class=\"entry-title\" style=\"display: none;\">Inovare Deschis\u0103<\/h3><span class=\"vcard\" style=\"display: none;\"><span class=\"fn\"><a href=\"https:\/\/marketingpoienita.ro\/index.php\/author\/poienita_user_wp\/\" title=\"Articole de Administrator\" rel=\"author\">Administrator<\/a><\/span><\/span><span class=\"updated\" style=\"display:none\">2024-01-03T17:45:46+00:00<\/span>\n<p>Nu limita inova\u021bia la cadrul organiza\u021bional. Colaboreaz\u0103 cu clien\u021bii, furnizorii \u0219i alte p\u0103r\u021bi interesate pentru a co-crea solu\u021bii \u0219i produse. Acest tip de inovare deschis\u0103 poate aduce perspectiva necesar\u0103 \u0219i poate accelera procesul de inova\u021bie.<\/p>\n\t\t<\/div>\r\n\t<\/section>\r\n<\/div>\r\n\r\n<div class=\"faq post-123 type-faq status-publish hentry\">\r\n\t<section class=\"toggle\">\r\n\t\t<label>Educa\u021bie \u0219i Formare<\/label>\r\n\t\t<div class=\"toggle-content\">\r\n\t\t<h3 class=\"entry-title\" style=\"display: none;\">Educa\u021bie \u0219i Formare<\/h3><span class=\"vcard\" style=\"display: none;\"><span class=\"fn\"><a href=\"https:\/\/marketingpoienita.ro\/index.php\/author\/poienita_user_wp\/\" title=\"Articole de Administrator\" rel=\"author\">Administrator<\/a><\/span><\/span><span class=\"updated\" style=\"display:none\">2023-12-28T08:59:22+00:00<\/span>\n<p>Investe\u0219te \u00een dezvoltarea personalului prin programe de formare \u0219i instruire. Aceasta poate include ateliere, seminarii sau cursuri care s\u0103 stimuleze g\u00e2ndirea creativ\u0103 \u0219i abilit\u0103\u021bile inovatoare.<\/p>\n\t\t<\/div>\r\n\t<\/section>\r\n<\/div>\r\n\t\t<\/div>\r\n\r\n\t\t\r\n\t<\/div>\r\n\r\n\t\r\n\t<\/div>[\/vc_column][\/vc_row]<\/p>\n<\/div>","protected":false},"excerpt":{"rendered":"<p>[vc_row][vc_column][\/vc_column][\/vc_row][vc_row][vc_column][\/vc_column][\/vc_row]<\/p>\n","protected":false},"author":1,"featured_media":0,"parent":0,"menu_order":0,"comment_status":"closed","ping_status":"closed","template":"","meta":{"content-type":"","footnotes":""},"class_list":["post-444","page","type-page","status-publish","hentry"],"_links":{"self":[{"href":"https:\/\/marketingpoienita.ro\/index.php\/wp-json\/wp\/v2\/pages\/444","targetHints":{"allow":["GET"]}}],"collection":[{"href":"https:\/\/marketingpoienita.ro\/index.php\/wp-json\/wp\/v2\/pages"}],"about":[{"href":"https:\/\/marketingpoienita.ro\/index.php\/wp-json\/wp\/v2\/types\/page"}],"author":[{"embeddable":true,"href":"https:\/\/marketingpoienita.ro\/index.php\/wp-json\/wp\/v2\/users\/1"}],"replies":[{"embeddable":true,"href":"https:\/\/marketingpoienita.ro\/index.php\/wp-json\/wp\/v2\/comments?post=444"}],"version-history":[{"count":4,"href":"https:\/\/marketingpoienita.ro\/index.php\/wp-json\/wp\/v2\/pages\/444\/revisions"}],"predecessor-version":[{"id":510,"href":"https:\/\/marketingpoienita.ro\/index.php\/wp-json\/wp\/v2\/pages\/444\/revisions\/510"}],"wp:attachment":[{"href":"https:\/\/marketingpoienita.ro\/index.php\/wp-json\/wp\/v2\/media?parent=444"}],"curies":[{"name":"wp","href":"https:\/\/api.w.org\/{rel}","templated":true}]}}