{"id":332,"date":"2023-10-31T14:56:51","date_gmt":"2023-10-31T14:56:51","guid":{"rendered":"http:\/\/sw-themes.com\/porto_dummy\/?page_id=332"},"modified":"2024-01-04T23:27:48","modified_gmt":"2024-01-04T23:27:48","slug":"despre-noi","status":"publish","type":"page","link":"https:\/\/marketingpoienita.ro\/index.php\/despre-noi\/","title":{"rendered":"Despre Noi"},"content":{"rendered":"<div class=\"wpb-content-wrapper\"><p>[vc_row wrap_container=&#8221;yes&#8221; el_class=&#8221;z-index-1 position-relative&#8221; css=&#8221;.vc_custom_1698853665586{margin-top: -70px !important;}&#8221; conditional_render=&#8221;%5B%7B%22value_role%22%3A%22administrator%22%7D%5D&#8221;][vc_column css=&#8221;.vc_custom_1698857997787{padding-top: 70px !important;padding-bottom: 70px !important;background-color: #ffffff !important;}&#8221; conditional_render=&#8221;%5B%7B%22value_role%22%3A%22administrator%22%7D%5D&#8221; el_class=&#8221;px-lg-5 mb-1&#8243;]<div class=\"porto-ultimate-content-box-container px-lg-3\"><div class=\"porto-ultimate-content-box\" style=\"\" id=\"porto_ucb_6997\">[vc_custom_heading text=&#8221;La Poieni\u021ba Profesional Marketing, ne dedic\u0103m construirii \u0219i r\u0103sp\u00e2ndirii pove\u0219tilor unice ale brandurilor. Prin inova\u021bie, creativitate \u0219i strategie, ne propunem s\u0103 transform\u0103m viziunile \u00een realit\u0103\u021bi palpabile \u0219i s\u0103 conect\u0103m brandurile cu audien\u021bele lor \u00eentr-un mod relevant \u0219i durabil.&#8221; font_container=&#8221;tag:p|font_size:1.35em|text_align:left|color:%23121212|line_height:1.7&#8243; use_theme_fonts=&#8221;yes&#8221; letter_spacing=&#8221;0&#8243; el_class=&#8221;pb-1 mb-4 mb-lg-2 mb-xl-4&#8243;]<\/div><\/div>[vc_row_inner el_class=&#8221;px-lg-3 py-4&#8243;][vc_column_inner el_class=&#8221;mb-5 mb-lg-0&#8243; offset=&#8221;vc_col-md-6&#8243;][vc_single_image image=&#8221;345&#8243; img_size=&#8221;full&#8221; el_class=&#8221;custom-border-radius-1 overflow-hidden mb-0&#8243;][\/vc_column_inner][vc_column_inner el_class=&#8221;ps-lg-4&#8243; offset=&#8221;vc_col-md-6&#8243;][vc_custom_heading text=&#8221;Credem \u00een parteneriate solide \u0219i fructuoase, at\u00e2t cu clien\u021bii no\u0219tri, c\u00e2t \u0219i cu partenerii externi.&#8221; font_container=&#8221;tag:p|font_size:1.2em|text_align:left|color:%23777777|line_height:1.7&#8243; use_theme_fonts=&#8221;yes&#8221; letter_spacing=&#8221;0&#8243;][vc_custom_heading text=&#8221;Suntem dedica\u021bi ob\u021binerii de rezultate tangibile \u0219i m\u0103surabile, asigur\u00e2nd un ROI pozitiv pentru investi\u021biile clien\u021bilor no\u0219tri.&#8221; font_container=&#8221;tag:p|font_size:1.2em|text_align:left|color:%23777777|line_height:1.7&#8243; use_theme_fonts=&#8221;yes&#8221; letter_spacing=&#8221;0&#8243;][vc_custom_heading text=&#8221;Ne conducem afacerile cu transparen\u021b\u0103, onestitate \u0219i profesionalism, construind rela\u021bii de \u00eencredere pe termen lung.&#8221; font_container=&#8221;tag:p|font_size:1.2em|text_align:left|color:%23777777|line_height:1.7&#8243; use_theme_fonts=&#8221;yes&#8221; letter_spacing=&#8221;0&#8243;][vc_custom_heading text=&#8221;Ne str\u0103duim s\u0103 fim \u00een avangarda tendin\u021belor \u0219i tehnologiilor pentru a oferi solu\u021bii creative \u0219i eficiente. De aceea \u00eencerc\u0103m s\u0103 aplic\u0103m urmatoarele principii \u0219i direc\u021bii:&#8221; font_container=&#8221;tag:p|font_size:1.2em|text_align:left|color:%23777777|line_height:1.7&#8243; use_theme_fonts=&#8221;yes&#8221; letter_spacing=&#8221;0&#8243;]<div class=\"porto-faqs porto-faqsog3t wpb_content_element  custom-accordion m-b-md\" data-appear-animation=\"fadeInUp\" data-appear-animation-delay=\"100\">\r\n\t<div class=\"page-faqs clearfix wpb_custom_7cf4c4451460493910770cd9b1b23882\" id=\"porto_faqs_ndwf\">\r\n\r\n\t\t\r\n\t\t\r\n\t\t<div class=\"faq-row faqs-container\">\r\n\t\t\t\r\n<div class=\"faq post-441 type-faq status-publish hentry\">\r\n\t<section class=\"toggle\">\r\n\t\t<label>Cultura Organiza\u021bional\u0103<\/label>\r\n\t\t<div class=\"toggle-content\">\r\n\t\t<h3 class=\"entry-title\" style=\"display: none;\">Cultura Organiza\u021bional\u0103<\/h3><span class=\"vcard\" style=\"display: none;\"><span class=\"fn\"><a href=\"https:\/\/marketingpoienita.ro\/index.php\/author\/poienita_user_wp\/\" title=\"Articole de Administrator\" rel=\"author\">Administrator<\/a><\/span><\/span><span class=\"updated\" style=\"display:none\">2023-12-28T09:04:06+00:00<\/span>\n<p>\u00cencepe prin a cultiva o cultur\u0103 care \u00eencurajeaz\u0103 curiozitatea, asumarea riscului \u0219i \u00eenv\u0103\u021barea continu\u0103. Angaja\u021bii ar trebui s\u0103 se simt\u0103 liberi s\u0103 propun\u0103 idei noi \u0219i s\u0103 experimenteze f\u0103r\u0103 teama de e\u0219ec.<\/p>\n\t\t<\/div>\r\n\t<\/section>\r\n<\/div>\r\n\r\n<div class=\"faq post-440 type-faq status-publish hentry\">\r\n\t<section class=\"toggle\">\r\n\t\t<label>Comunicare Deschis\u0103<\/label>\r\n\t\t<div class=\"toggle-content\">\r\n\t\t<h3 class=\"entry-title\" style=\"display: none;\">Comunicare Deschis\u0103<\/h3><span class=\"vcard\" style=\"display: none;\"><span class=\"fn\"><a href=\"https:\/\/marketingpoienita.ro\/index.php\/author\/poienita_user_wp\/\" title=\"Articole de Administrator\" rel=\"author\">Administrator<\/a><\/span><\/span><span class=\"updated\" style=\"display:none\">2023-12-28T09:03:39+00:00<\/span>\n<p>Crearea unui canal de comunicare deschis \u00eentre toate nivelurile organiza\u021bionale este crucial\u0103. Acest lucru permite fluxul liber al ideilor \u0219i asigur\u0103 c\u0103 toat\u0103 lumea se simte implicat\u0103 \u0219i valorizat\u0103.<\/p>\n\t\t<\/div>\r\n\t<\/section>\r\n<\/div>\r\n\r\n<div class=\"faq post-439 type-faq status-publish hentry\">\r\n\t<section class=\"toggle\">\r\n\t\t<label>Investi\u021bii \u00een Tehnologie<\/label>\r\n\t\t<div class=\"toggle-content\">\r\n\t\t<h3 class=\"entry-title\" style=\"display: none;\">Investi\u021bii \u00een Tehnologie<\/h3><span class=\"vcard\" style=\"display: none;\"><span class=\"fn\"><a href=\"https:\/\/marketingpoienita.ro\/index.php\/author\/poienita_user_wp\/\" title=\"Articole de Administrator\" rel=\"author\">Administrator<\/a><\/span><\/span><span class=\"updated\" style=\"display:none\">2024-01-03T17:44:54+00:00<\/span>\n<p>Adoptarea \u0219i integrarea tehnologiei pot revolu\u021biona opera\u021biunile unei organiza\u021bii. Poate fi vorba despre implementarea inteligen\u021bei artificiale, automatizarea proceselor sau utilizarea altor instrumente digitale care pot optimiza eficien\u021ba \u0219i productivitatea.<\/p>\n\t\t<\/div>\r\n\t<\/section>\r\n<\/div>\r\n\t\t<\/div>\r\n\r\n\t\t\r\n\t<\/div>\r\n\r\n\t\r\n\t<\/div>[vc_btn title=&#8221;Descoper\u0103 principiile inovatoare&#8221; style=&#8221;modern&#8221; shape=&#8221;square&#8221; align=&#8221;left&#8221; i_align=&#8221;right&#8221; i_icon_fontawesome=&#8221;fas fa-arrow-right&#8221; skin=&#8221;primary&#8221; btn_fs=&#8221;14px&#8221; btn_fw=&#8221;600&#8243; btn_ls=&#8221;0&#8243; el_cls=&#8221;px-2 py-1 text-dark text-capitalize&#8221; animation_delay=&#8221;300&#8243; add_icon=&#8221;true&#8221; link=&#8221;url:https%3A%2F%2Fmarketingpoienita.ro%2Findex.php%2Fprincipii%2F|title:Principii&#8221; btn_icon_size=&#8221;{&#8222;xl&#8222;:&#8222;14&#8222;,&#8222;unit&#8222;:&#8222;&#8222;,&#8222;xs&#8222;:&#8222;&#8222;,&#8222;sm&#8222;:&#8222;&#8222;,&#8222;md&#8222;:&#8222;&#8222;,&#8222;lg&#8222;:&#8222;&#8222;}&#8221; btn_icon_spacing=&#8221;{&#8222;xl&#8222;:&#8222;8&#8222;,&#8222;unit&#8222;:&#8222;&#8222;,&#8222;xs&#8222;:&#8222;&#8222;,&#8222;sm&#8222;:&#8222;&#8222;,&#8222;md&#8222;:&#8222;&#8222;,&#8222;lg&#8222;:&#8222;&#8222;}&#8221; el_class=&#8221;mb-0 rotate-45-icon pt-4&#8243; animation_type=&#8221;fadeIn&#8221;][\/vc_column_inner][\/vc_row_inner][\/vc_column][\/vc_row]<\/p>\n<\/div>","protected":false},"excerpt":{"rendered":"<p>[vc_row wrap_container=&#8221;yes&#8221; el_class=&#8221;z-index-1 position-relative&#8221; css=&#8221;.vc_custom_1698853665586{margin-top: -70px !important;}&#8221; conditional_render=&#8221;%5B%7B%22value_role%22%3A%22administrator%22%7D%5D&#8221;][vc_column css=&#8221;.vc_custom_1698857997787{padding-top: 70px !important;padding-bottom: 70px !important;background-color: #ffffff !important;}&#8221; conditional_render=&#8221;%5B%7B%22value_role%22%3A%22administrator%22%7D%5D&#8221; el_class=&#8221;px-lg-5 mb-1&#8243;][vc_row_inner el_class=&#8221;px-lg-3 py-4&#8243;][vc_column_inner el_class=&#8221;mb-5 mb-lg-0&#8243; offset=&#8221;vc_col-md-6&#8243;][vc_single_image image=&#8221;345&#8243; img_size=&#8221;full&#8221; el_class=&#8221;custom-border-radius-1 overflow-hidden mb-0&#8243;][\/vc_column_inner][vc_column_inner el_class=&#8221;ps-lg-4&#8243; offset=&#8221;vc_col-md-6&#8243;][vc_custom_heading text=&#8221;Credem \u00een parteneriate solide \u0219i fructuoase, at\u00e2t cu clien\u021bii no\u0219tri, c\u00e2t \u0219i cu partenerii externi.&#8221; font_container=&#8221;tag:p|font_size:1.2em|text_align:left|color:%23777777|line_height:1.7&#8243; use_theme_fonts=&#8221;yes&#8221; letter_spacing=&#8221;0&#8243;][vc_custom_heading text=&#8221;Suntem dedica\u021bi ob\u021binerii de rezultate tangibile \u0219i [&hellip;]<\/p>\n","protected":false},"author":1,"featured_media":0,"parent":0,"menu_order":0,"comment_status":"closed","ping_status":"closed","template":"","meta":{"content-type":"","footnotes":""},"class_list":["post-332","page","type-page","status-publish","hentry"],"_links":{"self":[{"href":"https:\/\/marketingpoienita.ro\/index.php\/wp-json\/wp\/v2\/pages\/332","targetHints":{"allow":["GET"]}}],"collection":[{"href":"https:\/\/marketingpoienita.ro\/index.php\/wp-json\/wp\/v2\/pages"}],"about":[{"href":"https:\/\/marketingpoienita.ro\/index.php\/wp-json\/wp\/v2\/types\/page"}],"author":[{"embeddable":true,"href":"https:\/\/marketingpoienita.ro\/index.php\/wp-json\/wp\/v2\/users\/1"}],"replies":[{"embeddable":true,"href":"https:\/\/marketingpoienita.ro\/index.php\/wp-json\/wp\/v2\/comments?post=332"}],"version-history":[{"count":5,"href":"https:\/\/marketingpoienita.ro\/index.php\/wp-json\/wp\/v2\/pages\/332\/revisions"}],"predecessor-version":[{"id":498,"href":"https:\/\/marketingpoienita.ro\/index.php\/wp-json\/wp\/v2\/pages\/332\/revisions\/498"}],"wp:attachment":[{"href":"https:\/\/marketingpoienita.ro\/index.php\/wp-json\/wp\/v2\/media?parent=332"}],"curies":[{"name":"wp","href":"https:\/\/api.w.org\/{rel}","templated":true}]}}