{"id":2,"date":"2023-10-26T00:14:36","date_gmt":"2023-10-26T00:14:36","guid":{"rendered":"http:\/\/marketingpoienita.ro\/?page_id=2"},"modified":"2024-01-09T10:26:08","modified_gmt":"2024-01-09T10:26:08","slug":"home","status":"publish","type":"page","link":"https:\/\/marketingpoienita.ro\/","title":{"rendered":"Home"},"content":{"rendered":"<div class=\"wpb-content-wrapper\"><p>[vc_row wrap_container=&#8221;yes&#8221; no_padding=&#8221;yes&#8221; content_placement=&#8221;middle&#8221; el_class=&#8221;p-relative border-0 bg-quaternary overflow-hidden p-0&#8243; conditional_render=&#8221;%5B%7B%22value_role%22%3A%22administrator%22%7D%5D&#8221; css=&#8221;.vc_custom_1699629701496{background-color: #121212 !important;}&#8221;][vc_column el_class=&#8221;position-absolute vw-100 vh-100 start-0 end-0 top-0 bottom-0 m-0 p-0&#8243; conditional_render=&#8221;%5B%7B%22value_role%22%3A%22administrator%22%7D%5D&#8221;]<div class=\"porto-u-heading custom-hero-heading mb-0 position-absolute bottom-0 start-0 w-100  wpb_custom_c07028a4a2dedbf3fad76fa1bc3dd6d6 porto-u-5085\" data-appear-animation=\"fadeInUp\" data-appear-animation-delay=\"600\"><div class=\"porto-u-main-heading\"><h2  >Solutions<\/h2><\/div><style>.porto-u-5085.porto-u-heading{text-align:center}<\/style><\/div>[vc_raw_html el_class=&#8221;mb-0&#8243;]JTNDc3ZnJTIwdmlld0JveCUzRCUyMjAlMjAwJTIwMTAwJTIwMTAwJTIyJTIwcHJlc2VydmVBc3BlY3RSYXRpbyUzRCUyMnhNaWRZTWlkJTIwc2xpY2UlMjIlMjBjbGFzcyUzRCUyMnZ3LTEwMCUyMHZoLTEwMCUyMiUzRSUwQSUwOSUwOSUwOSUwOSUwOSUwOSUwOSUzQ2RlZnMlM0UlMEElMDklMDklMDklMDklMDklMDklMDklMDklM0NyYWRpYWxHcmFkaWVudCUyMGlkJTNEJTIyR3JhZGllbnQxJTIyJTIwY3glM0QlMjI1MCUyNSUyMiUyMGN5JTNEJTIyNTAlMjUlMjIlMjBmeCUzRCUyMjAuNDQxNjAyJTI1JTIyJTIwZnklM0QlMjI1MCUyNSUyMiUyMHIlM0QlMjIuNSUyMiUzRSUwQSUwOSUwOSUwOSUwOSUwOSUwOSUwOSUwOSUwOSUzQ2FuaW1hdGUlMjBhdHRyaWJ1dGVOYW1lJTNEJTIyZnglMjIlMjBkdXIlM0QlMjIzNHMlMjIlMjB2YWx1ZXMlM0QlMjIwJTI1JTNCMyUyNSUzQjAlMjUlMjIlMjByZXBlYXRDb3VudCUzRCUyMmluZGVmaW5pdGUlMjIlM0UlM0MlMkZhbmltYXRlJTNFJTBBJTA5JTA5JTA5JTA5JTA5JTA5JTA5JTA5JTA5JTNDc3RvcCUyMG9mZnNldCUzRCUyMjAlMjUlMjIlMjBzdG9wLWNvbG9yJTNEJTIycmdiYSUyODI1MSUyQyUyMDE5MyUyQyUyMDUlMkMlMjAwLjMlMjklMjIlM0UlM0MlMkZzdG9wJTNFJTBBJTA5JTA5JTA5JTA5JTA5JTA5JTA5JTA5JTA5JTNDc3RvcCUyMG9mZnNldCUzRCUyMjEwMCUyNSUyMiUyMHN0b3AtY29sb3IlM0QlMjJyZ2JhJTI4MjUxJTJDJTIwMTkzJTJDJTIwNSUyQyUyMDAlMjklMjIlM0UlM0MlMkZzdG9wJTNFJTBBJTA5JTA5JTA5JTA5JTA5JTA5JTA5JTA5JTNDJTJGcmFkaWFsR3JhZGllbnQlM0UlMEElMDklMDklMDklMDklMDklMDklMDklM0MlMkZkZWZzJTNFJTBBJTA5JTA5JTA5JTA5JTA5JTA5JTA5JTNDcmVjdCUyMHglM0QlMjIxMy43NDQlMjUlMjIlMjB5JTNEJTIyMS4xODQ3MyUyNSUyMiUyMHdpZHRoJTNEJTIyMTAwJTI1JTIyJTIwaGVpZ2h0JTNEJTIyMTAwJTI1JTIyJTIwZmlsbCUzRCUyMnVybCUyOCUyM0dyYWRpZW50MSUyOSUyMiUyMHRyYW5zZm9ybSUzRCUyMnJvdGF0ZSUyODMzNC40MSUyMDUwJTIwNTAlMjklMjIlM0UlMEElMDklMDklMDklMDklMDklMDklMDklMDklM0NhbmltYXRlJTIwYXR0cmlidXRlTmFtZSUzRCUyMnglMjIlMjBkdXIlM0QlMjIyMHMlMjIlMjB2YWx1ZXMlM0QlMjIyNSUyNSUzQjAlMjUlM0IyNSUyNSUyMiUyMHJlcGVhdENvdW50JTNEJTIyaW5kZWZpbml0ZSUyMiUzRSUzQyUyRmFuaW1hdGUlM0UlMEElMDklMDklMDklMDklMDklMDklMDklMDklM0NhbmltYXRlJTIwYXR0cmlidXRlTmFtZSUzRCUyMnklMjIlMjBkdXIlM0QlMjIyMXMlMjIlMjB2YWx1ZXMlM0QlMjIwJTI1JTNCMjUlMjUlM0IwJTI1JTIyJTIwcmVwZWF0Q291bnQlM0QlMjJpbmRlZmluaXRlJTIyJTNFJTNDJTJGYW5pbWF0ZSUzRSUwQSUwOSUwOSUwOSUwOSUwOSUwOSUwOSUwOSUzQ2FuaW1hdGVUcmFuc2Zvcm0lMjBhdHRyaWJ1dGVOYW1lJTNEJTIydHJhbnNmb3JtJTIyJTIwdHlwZSUzRCUyMnJvdGF0ZSUyMiUyMGZyb20lM0QlMjIwJTIwNTAlMjA1MCUyMiUyMHRvJTNEJTIyMzYwJTIwNTAlMjA1MCUyMiUyMGR1ciUzRCUyMjdzJTIyJTIwcmVwZWF0Q291bnQlM0QlMjJpbmRlZmluaXRlJTIyJTNFJTNDJTJGYW5pbWF0ZVRyYW5zZm9ybSUzRSUwQSUwOSUwOSUwOSUwOSUwOSUwOSUwOSUzQyUyRnJlY3QlM0UlMEElMDklMDklMDklMDklMDklMDklM0MlMkZzdmclM0U=[\/vc_raw_html]<div class=\"porto-ultimate-content-box-container mb-0 custom-el-1 position-absolute\" data-appear-animation=\"fadeIn\" data-appear-animation-delay=\"200\"><div class=\"porto-ultimate-content-box\" style=\"\" id=\"porto_ucb_5386\">[vc_single_image image=&#8221;6&#8243; img_size=&#8221;140&#215;140&#8243; css=&#8221;.vc_custom_1698706209928{margin-bottom: -100px !important;}&#8221;][vc_single_image image=&#8221;6&#8243; img_size=&#8221;140&#215;140&#8243; css=&#8221;.vc_custom_1698706209928{margin-bottom: -100px !important;}&#8221;][vc_single_image image=&#8221;6&#8243; img_size=&#8221;140&#215;140&#8243; css=&#8221;.vc_custom_1698706330075{margin-bottom: -100px !important;}&#8221;]<\/div><\/div><div class=\"porto-ultimate-content-box-container mb-0 custom-el-2 position-absolute\" data-appear-animation=\"fadeIn\" data-appear-animation-delay=\"400\"><div class=\"porto-ultimate-content-box\" style=\"\" id=\"porto_ucb_5859\">[vc_single_image image=&#8221;6&#8243; img_size=&#8221;70&#215;70&#8243; css=&#8221;.vc_custom_1698706574188{margin-bottom: -47px !important;}&#8221;][vc_single_image image=&#8221;6&#8243; img_size=&#8221;70&#215;70&#8243; css=&#8221;.vc_custom_1698706574188{margin-bottom: -47px !important;}&#8221;][vc_single_image image=&#8221;6&#8243; img_size=&#8221;70&#215;70&#8243; css=&#8221;.vc_custom_1698706574188{margin-bottom: -47px !important;}&#8221;]<\/div><\/div>[\/vc_column][vc_column el_class=&#8221;d-flex align-items-center min-vh-100&#8243; conditional_render=&#8221;%5B%7B%22value_role%22%3A%22administrator%22%7D%5D&#8221; offset=&#8221;vc_col-md-8&#8243;]<div class=\"porto-u-heading mb-1  wpb_custom_b7ab232448751b4d20f55c1ffa353318 porto-u-1428\" data-appear-animation=\"fadeInUp\" data-appear-animation-delay=\"200\"><div class=\"porto-u-main-heading\"><h2   style=\"color:#969696;\">O companie de solu\u021bii creative<\/h2><\/div><style>.porto-u-1428.porto-u-heading{text-align:left} @media(max-width:991px){ .porto-u-1428.porto-u-heading{text-align:center}}<\/style><\/div><div class=\"porto-u-heading custom-hero-font-1 pb-2 mb-4  wpb_custom_4d697698dd9a90c6955b1eda57818a49 porto-u-1654\" data-appear-animation=\"fadeInUp\" data-appear-animation-delay=\"400\"><div class=\"porto-u-main-heading\"><h2   style=\"color:#ffffff;\">V\u0103 ajut\u0103m s\u0103 \u00eendeplini\u021bi obiectivele erei digitale<\/h2><\/div><style>.porto-u-1654.porto-u-heading{text-align:left} @media(max-width:991px){ .porto-u-1654.porto-u-heading{text-align:center}}<\/style><\/div>[vc_btn title=&#8221;Afl\u0103 mai multe&#8221; style=&#8221;modern&#8221; shape=&#8221;square&#8221; align=&#8221;left&#8221; i_align=&#8221;right&#8221; i_icon_fontawesome=&#8221;fas fa-arrow-right&#8221; skin=&#8221;primary&#8221; btn_fs=&#8221;14px&#8221; btn_fw=&#8221;600&#8243; btn_ls=&#8221;0&#8243; el_cls=&#8221;px-2 py-1 text-dark text-capitalize&#8221; animation_delay=&#8221;600&#8243; add_icon=&#8221;true&#8221; link=&#8221;url:https%3A%2F%2Fmarketingpoienita.ro%2Findex.php%2Fdespre-noi%2F|title:Despre%20Noi&#8221; btn_icon_size=&#8221;{&#8222;xl&#8222;:&#8222;14&#8222;,&#8222;unit&#8222;:&#8222;&#8222;,&#8222;xs&#8222;:&#8222;&#8222;,&#8222;sm&#8222;:&#8222;&#8222;,&#8222;md&#8222;:&#8222;&#8222;,&#8222;lg&#8222;:&#8222;&#8222;}&#8221; btn_icon_spacing=&#8221;{&#8222;xl&#8222;:&#8222;8&#8222;,&#8222;unit&#8222;:&#8222;&#8222;,&#8222;xs&#8222;:&#8222;&#8222;,&#8222;sm&#8222;:&#8222;&#8222;,&#8222;md&#8222;:&#8222;&#8222;,&#8222;lg&#8222;:&#8222;&#8222;}&#8221; el_class=&#8221;mb-0 rotate-45-icon text-center text-lg-start&#8221; animation_type=&#8221;fadeIn&#8221;][\/vc_column][\/vc_row][vc_row wrap_container=&#8221;yes&#8221; css=&#8221;.vc_custom_1698707749655{margin-top: -70px !important;}&#8221; conditional_render=&#8221;%5B%7B%22value_role%22%3A%22administrator%22%7D%5D&#8221;][vc_column animation_delay=&#8221;200&#8243; animation_type=&#8221;fadeIn&#8221; conditional_render=&#8221;%5B%7B%22value_role%22%3A%22administrator%22%7D%5D&#8221;][porto_tb_posts post_type=&#8221;service&#8221; orderby=&#8221;id&#8221; order=&#8221;ASC&#8221; spacing=&#8221;0&#8243; columns_tablet=&#8221;2&#8243; columns_mobile=&#8221;1&#8243; builder_id=&#8221;83&#8243;][\/vc_column][\/vc_row][vc_row wrap_container=&#8221;yes&#8221; css=&#8221;.vc_custom_1698738824859{padding-top: 68px !important;}&#8221; conditional_render=&#8221;%5B%7B%22value_role%22%3A%22administrator%22%7D%5D&#8221;][vc_column el_class=&#8221;py-3 py-md-5&#8243; conditional_render=&#8221;%5B%7B%22value_role%22%3A%22administrator%22%7D%5D&#8221; css=&#8221;.vc_custom_1698769771918{background-color: #ffffff !important;}&#8221; offset=&#8221;vc_col-md-6&#8243;][vc_row_inner no_padding=&#8221;yes&#8221; css=&#8221;.vc_custom_1698730833100{margin-bottom: 1px !important;}&#8221;][vc_column_inner el_class=&#8221;p-2&#8243; width=&#8221;1\/3&#8243; offset=&#8221;vc_col-xs-4&#8243;][vc_single_image image=&#8221;149&#8243; img_size=&#8221;full&#8221; el_class=&#8221;custom-el-3 custom-border-radius-1 mx-auto image-absolute mb-0&#8243;][\/vc_column_inner][vc_column_inner el_class=&#8221;p-2&#8243; width=&#8221;1\/3&#8243; offset=&#8221;vc_col-xs-4&#8243;][vc_raw_html el_class=&#8221;custom-el-3 bg-primary custom-border-radius-2 mx-auto mb-0&#8243;][\/vc_raw_html][\/vc_column_inner][vc_column_inner el_class=&#8221;p-2&#8243; width=&#8221;1\/3&#8243; offset=&#8221;vc_col-xs-4&#8243;][vc_single_image image=&#8221;425&#8243; img_size=&#8221;full&#8221; el_class=&#8221;custom-el-3 custom-el-3-pos-1 bg-dark custom-border-radius-3 mx-auto image-absolute mb-0&#8243;][\/vc_column_inner][\/vc_row_inner][vc_row_inner no_padding=&#8221;yes&#8221;][vc_column_inner el_class=&#8221;p-2 text-end&#8221; width=&#8221;1\/2&#8243; offset=&#8221;vc_col-xs-6&#8243;][vc_raw_html el_class=&#8221;custom-el-3 custom-el-3-pos-2 bg-dark custom-border-radius-4 ms-auto image-absolute mb-0&#8243;][\/vc_raw_html][\/vc_column_inner][vc_column_inner el_class=&#8221;p-2&#8243; width=&#8221;1\/2&#8243; offset=&#8221;vc_col-xs-6&#8243;][vc_single_image image=&#8221;162&#8243; img_size=&#8221;full&#8221; el_class=&#8221;custom-el-3 bg-color-tertiary custom-border-radius-5 me-auto image-absolute mb-0&#8243;][\/vc_column_inner][\/vc_row_inner][\/vc_column][vc_column el_class=&#8221;mt-5 mt-md-0 py-3 py-md-5&#8243; conditional_render=&#8221;%5B%7B%22value_role%22%3A%22administrator%22%7D%5D&#8221; css=&#8221;.vc_custom_1698769780310{background-color: #ffffff !important;}&#8221; offset=&#8221;vc_col-md-6&#8243;][vc_custom_heading text=&#8221;Inova\u021bie pentru a v\u0103 transforma organiza\u021bia.&#8221; font_container=&#8221;tag:h2|font_size:3em|text_align:left|line_height:1.3&#8243; use_theme_fonts=&#8221;yes&#8221; font_weight=&#8221;600&#8243; skin=&#8221;dark&#8221; letter_spacing=&#8221;-0.05em&#8221; animation_delay=&#8221;250&#8243; el_class=&#8221;mb-4 mb-lg-3 mb-xl-4 ca2-title&#8221; animation_type=&#8221;fadeInUp&#8221;][vc_custom_heading text=&#8221;Transformarea unei organiza\u021bii prin inova\u021bie este un proces esen\u021bial pentru adaptare, cre\u0219tere \u0219i sustenabilitate pe termen lung. Iat\u0103 c\u00e2teva idei pentru a face acest lucru:&#8221; font_container=&#8221;tag:p|font_size:1.35em|text_align:left|color:%23121212|line_height:1.7&#8243; use_theme_fonts=&#8221;yes&#8221; font_weight=&#8221;400&#8243; skin=&#8221;dark&#8221; letter_spacing=&#8221;0&#8243; animation_delay=&#8221;500&#8243; el_class=&#8221;pb-1 mb-4 mb-lg-2 mb-xl-4&#8243; animation_type=&#8221;fadeInUp&#8221;]<div class=\"porto-faqs porto-faqsofl8 wpb_content_element  custom-accordion m-b-md\" data-appear-animation=\"fadeInUp\" data-appear-animation-delay=\"100\">\r\n\t<div class=\"page-faqs clearfix wpb_custom_7cf4c4451460493910770cd9b1b23882\" id=\"porto_faqs_xptf\">\r\n\r\n\t\t\r\n\t\t\r\n\t\t<div class=\"faq-row faqs-container\">\r\n\t\t\t\r\n<div class=\"faq post-441 type-faq status-publish hentry\">\r\n\t<section class=\"toggle\">\r\n\t\t<label>Cultura Organiza\u021bional\u0103<\/label>\r\n\t\t<div class=\"toggle-content\">\r\n\t\t<h3 class=\"entry-title\" style=\"display: none;\">Cultura Organiza\u021bional\u0103<\/h3><span class=\"vcard\" style=\"display: none;\"><span class=\"fn\"><a href=\"https:\/\/marketingpoienita.ro\/index.php\/author\/poienita_user_wp\/\" title=\"Articole de Administrator\" rel=\"author\">Administrator<\/a><\/span><\/span><span class=\"updated\" style=\"display:none\">2023-12-28T09:04:06+00:00<\/span>\n<p>\u00cencepe prin a cultiva o cultur\u0103 care \u00eencurajeaz\u0103 curiozitatea, asumarea riscului \u0219i \u00eenv\u0103\u021barea continu\u0103. Angaja\u021bii ar trebui s\u0103 se simt\u0103 liberi s\u0103 propun\u0103 idei noi \u0219i s\u0103 experimenteze f\u0103r\u0103 teama de e\u0219ec.<\/p>\n\t\t<\/div>\r\n\t<\/section>\r\n<\/div>\r\n\r\n<div class=\"faq post-440 type-faq status-publish hentry\">\r\n\t<section class=\"toggle\">\r\n\t\t<label>Comunicare Deschis\u0103<\/label>\r\n\t\t<div class=\"toggle-content\">\r\n\t\t<h3 class=\"entry-title\" style=\"display: none;\">Comunicare Deschis\u0103<\/h3><span class=\"vcard\" style=\"display: none;\"><span class=\"fn\"><a href=\"https:\/\/marketingpoienita.ro\/index.php\/author\/poienita_user_wp\/\" title=\"Articole de Administrator\" rel=\"author\">Administrator<\/a><\/span><\/span><span class=\"updated\" style=\"display:none\">2023-12-28T09:03:39+00:00<\/span>\n<p>Crearea unui canal de comunicare deschis \u00eentre toate nivelurile organiza\u021bionale este crucial\u0103. Acest lucru permite fluxul liber al ideilor \u0219i asigur\u0103 c\u0103 toat\u0103 lumea se simte implicat\u0103 \u0219i valorizat\u0103.<\/p>\n\t\t<\/div>\r\n\t<\/section>\r\n<\/div>\r\n\r\n<div class=\"faq post-439 type-faq status-publish hentry\">\r\n\t<section class=\"toggle\">\r\n\t\t<label>Investi\u021bii \u00een Tehnologie<\/label>\r\n\t\t<div class=\"toggle-content\">\r\n\t\t<h3 class=\"entry-title\" style=\"display: none;\">Investi\u021bii \u00een Tehnologie<\/h3><span class=\"vcard\" style=\"display: none;\"><span class=\"fn\"><a href=\"https:\/\/marketingpoienita.ro\/index.php\/author\/poienita_user_wp\/\" title=\"Articole de Administrator\" rel=\"author\">Administrator<\/a><\/span><\/span><span class=\"updated\" style=\"display:none\">2024-01-03T17:44:54+00:00<\/span>\n<p>Adoptarea \u0219i integrarea tehnologiei pot revolu\u021biona opera\u021biunile unei organiza\u021bii. Poate fi vorba despre implementarea inteligen\u021bei artificiale, automatizarea proceselor sau utilizarea altor instrumente digitale care pot optimiza eficien\u021ba \u0219i productivitatea.<\/p>\n\t\t<\/div>\r\n\t<\/section>\r\n<\/div>\r\n\t\t<\/div>\r\n\r\n\t\t\r\n\t<\/div>\r\n\r\n\t\r\n\t<\/div>[vc_btn title=&#8221;Afl\u0103 mai multe&#8221; style=&#8221;modern&#8221; shape=&#8221;square&#8221; align=&#8221;left&#8221; i_align=&#8221;right&#8221; i_icon_fontawesome=&#8221;fas fa-arrow-right&#8221; skin=&#8221;primary&#8221; btn_fs=&#8221;14px&#8221; btn_fw=&#8221;600&#8243; btn_ls=&#8221;0&#8243; el_cls=&#8221;px-2 py-1 text-dark text-capitalize&#8221; animation_delay=&#8221;300&#8243; add_icon=&#8221;true&#8221; link=&#8221;url:https%3A%2F%2Fmarketingpoienita.ro%2Findex.php%2Fprincipii%2F|title:Comunicare%20Deschis%C4%83&#8243; btn_icon_size=&#8221;{&#8222;xl&#8222;:&#8222;14&#8222;,&#8222;unit&#8222;:&#8222;&#8222;,&#8222;xs&#8222;:&#8222;&#8222;,&#8222;sm&#8222;:&#8222;&#8222;,&#8222;md&#8222;:&#8222;&#8222;,&#8222;lg&#8222;:&#8222;&#8222;}&#8221; btn_icon_spacing=&#8221;{&#8222;xl&#8222;:&#8222;8&#8222;,&#8222;unit&#8222;:&#8222;&#8222;,&#8222;xs&#8222;:&#8222;&#8222;,&#8222;sm&#8222;:&#8222;&#8222;,&#8222;md&#8222;:&#8222;&#8222;,&#8222;lg&#8222;:&#8222;&#8222;}&#8221; el_class=&#8221;mb-0 rotate-45-icon pt-4&#8243; animation_type=&#8221;fadeIn&#8221; css=&#8221;.vc_custom_1704795965204{margin-bottom: 56px !important;}&#8221;][\/vc_column][\/vc_row][vc_row wrap_container=&#8221;yes&#8221; content_placement=&#8221;middle&#8221; css=&#8221;.vc_custom_1698773328484{margin-top: -70px !important;padding-top: 94px !important;padding-bottom: 25px !important;background: #121212 url(\/\/sw-themes.com\/porto_dummy\/wp-content\/uploads\/2023\/10\/ca2-background-1.jpg?id=169) !important;background-position: center !important;background-repeat: no-repeat !important;background-size: cover !important;}&#8221; conditional_render=&#8221;%5B%7B%22value_role%22%3A%22administrator%22%7D%5D&#8221;][vc_column el_class=&#8221;py-lg-5 my-5&#8243; conditional_render=&#8221;%5B%7B%22value_role%22%3A%22administrator%22%7D%5D&#8221; offset=&#8221;vc_col-md-5&#8243;][vc_custom_heading text=&#8221;Du-\u021bi afacerea la urm\u0103torul nivel!&#8221; font_container=&#8221;tag:h2|font_size:3em|text_align:left|color:%23ffffff|line_height:1.3&#8243; use_theme_fonts=&#8221;yes&#8221; font_weight=&#8221;600&#8243; letter_spacing=&#8221;-0.05em&#8221; animation_delay=&#8221;250&#8243; el_class=&#8221;mb-4 mb-lg-3 mb-xl-4 ca2-title&#8221; animation_type=&#8221;fadeInUp&#8221;][vc_custom_heading text=&#8221;Prin combinarea \u0219i implementarea eficient\u0103 a strategiilor de promovare online, po\u021bi s\u0103 \u00ee\u021bi extinzi vizibilitatea, s\u0103 atragi mai mul\u021bi clien\u021bi \u0219i s\u0103 \u00ee\u021bi cre\u0219ti afacerea.&#8221; font_container=&#8221;tag:p|font_size:1.35em|text_align:left|color:%23777777|line_height:1.7&#8243; use_theme_fonts=&#8221;yes&#8221; font_weight=&#8221;400&#8243; letter_spacing=&#8221;0&#8243; animation_delay=&#8221;500&#8243; el_class=&#8221;pb-1 mb-4 mb-lg-2 mb-xl-4&#8243; animation_type=&#8221;fadeInUp&#8221;][vc_btn title=&#8221;Identific\u0103-\u021bi Publicul \u021aint\u0103&#8221; style=&#8221;custom&#8221; custom_background=&#8221;#1f1f1f&#8221; custom_text=&#8221;#ffffff&#8221; shape=&#8221;square&#8221; btn_fs=&#8221;1.1em&#8221; btn_fw=&#8221;400&#8243; btn_ls=&#8221;0&#8243; el_cls=&#8221;lh-1 border-0&#8243; btn_px=&#8221;1.6em&#8221; btn_py=&#8221;1em&#8221; el_class=&#8221;me-2 mb-2&#8243; link=&#8221;url:https%3A%2F%2Fmarketingpoienita.ro%2Findex.php%2F2024%2F01%2F03%2Fidentifica-ti-publicul-tinta%2F|title:Identific%C4%83-%C8%9Bi%20Publicul%20%C8%9Aint%C4%83&#8243;][vc_btn title=&#8221;Creeaz\u0103 con\u021binut&#8221; style=&#8221;custom&#8221; custom_background=&#8221;#1f1f1f&#8221; custom_text=&#8221;#ffffff&#8221; shape=&#8221;square&#8221; btn_fs=&#8221;1.1em&#8221; btn_fw=&#8221;400&#8243; btn_ls=&#8221;0&#8243; el_cls=&#8221;lh-1 border-0&#8243; btn_px=&#8221;1.6em&#8221; btn_py=&#8221;1em&#8221; el_class=&#8221;me-2 mb-2&#8243; link=&#8221;url:https%3A%2F%2Fmarketingpoienita.ro%2Findex.php%2F2024%2F01%2F03%2Fmarketing-de-continut%2F|title:Marketing%20de%20Con%C8%9Binut&#8221;][vc_btn title=&#8221;Analizeaz\u0103 \u0219i Ajusteaz\u0103&#8221; style=&#8221;custom&#8221; custom_background=&#8221;#1f1f1f&#8221; custom_text=&#8221;#ffffff&#8221; shape=&#8221;square&#8221; btn_fs=&#8221;1.1em&#8221; btn_fw=&#8221;400&#8243; btn_ls=&#8221;0&#8243; el_cls=&#8221;lh-1 border-0&#8243; btn_px=&#8221;1.6em&#8221; btn_py=&#8221;1em&#8221; el_class=&#8221;me-2 mb-2&#8243; link=&#8221;url:https%3A%2F%2Fmarketingpoienita.ro%2Findex.php%2F2024%2F01%2F03%2Fanalizeaza-si-ajusteaza%2F|title:Analizeaz%C4%83%20%C8%99i%20Ajusteaz%C4%83&#8243;][vc_btn title=&#8221;Construie\u0219te o Reputa\u021bie&#8221; style=&#8221;custom&#8221; custom_background=&#8221;#1f1f1f&#8221; custom_text=&#8221;#ffffff&#8221; shape=&#8221;square&#8221; btn_fs=&#8221;1.1em&#8221; btn_fw=&#8221;400&#8243; btn_ls=&#8221;0&#8243; el_cls=&#8221;lh-1 border-0&#8243; btn_px=&#8221;1.6em&#8221; btn_py=&#8221;1em&#8221; el_class=&#8221;me-2 mb-2&#8243; link=&#8221;url:https%3A%2F%2Fmarketingpoienita.ro%2Findex.php%2F2024%2F01%2F03%2Frecenzii-si-reputatie-online%2F|title:Recenzii%20%C8%99i%20Reputa%C8%9Bie%20Online&#8221;][vc_btn title=&#8221;Adapteaz\u0103-te \u0219i Inoveaz\u0103&#8221; style=&#8221;custom&#8221; custom_background=&#8221;#1f1f1f&#8221; custom_text=&#8221;#ffffff&#8221; shape=&#8221;square&#8221; btn_fs=&#8221;1.1em&#8221; btn_fw=&#8221;400&#8243; btn_ls=&#8221;0&#8243; el_cls=&#8221;lh-1 border-0&#8243; btn_px=&#8221;1.6em&#8221; btn_py=&#8221;1em&#8221; el_class=&#8221;me-2 mb-2&#8243; link=&#8221;url:https%3A%2F%2Fmarketingpoienita.ro%2Findex.php%2F2024%2F01%2F03%2Fadapteaza-te-si-inoveaza%2F|title:Adapteaz%C4%83-te%20%C8%99i%20Inoveaz%C4%83&#8243;][\/vc_column][vc_column offset=&#8221;vc_col-md-7&#8243; conditional_render=&#8221;%5B%7B%22value_role%22%3A%22administrator%22%7D%5D&#8221; el_class=&#8221;mb-5 mb-lg-0&#8243;][vc_btn title=&#8221;Hai sa povestim&#8221; style=&#8221;modern&#8221; align=&#8221;center&#8221; i_align=&#8221;right&#8221; i_icon_fontawesome=&#8221;fas fa-arrow-right&#8221; skin=&#8221;primary&#8221; btn_fs=&#8221;1.2em&#8221; btn_fw=&#8221;600&#8243; btn_ls=&#8221;0&#8243; el_cls=&#8221;text-dark text-capitalize custom-btn-1 d-flex align-items-center justify-content-center&#8221; animation_delay=&#8221;300&#8243; add_icon=&#8221;true&#8221; link=&#8221;url:https%3A%2F%2Fmarketingpoienita.ro%2Findex.php%2Fcontact%2F|title:Contact&#8221; btn_icon_size=&#8221;{&#8222;unit&#8222;:&#8222;em&#8222;,&#8222;xs&#8222;:&#8222;&#8222;,&#8222;sm&#8222;:&#8222;&#8222;,&#8222;md&#8222;:&#8222;&#8222;,&#8222;lg&#8222;:&#8222;&#8222;,&#8222;xl&#8222;:&#8222;1&#8222;}&#8221; btn_icon_spacing=&#8221;{&#8222;xl&#8222;:&#8222;8&#8222;,&#8222;unit&#8222;:&#8222;&#8222;,&#8222;xs&#8222;:&#8222;&#8222;,&#8222;sm&#8222;:&#8222;&#8222;,&#8222;md&#8222;:&#8222;&#8222;,&#8222;lg&#8222;:&#8222;&#8222;}&#8221; el_class=&#8221;mb-0 rotate-45-icon pt-4&#8243; animation_type=&#8221;fadeIn&#8221;][\/vc_column][\/vc_row]<\/p>\n<\/div>","protected":false},"excerpt":{"rendered":"<p>[vc_row wrap_container=&#8221;yes&#8221; no_padding=&#8221;yes&#8221; content_placement=&#8221;middle&#8221; el_class=&#8221;p-relative border-0 bg-quaternary overflow-hidden p-0&#8243; conditional_render=&#8221;%5B%7B%22value_role%22%3A%22administrator%22%7D%5D&#8221; css=&#8221;.vc_custom_1699629701496{background-color: #121212 !important;}&#8221;][vc_column el_class=&#8221;position-absolute vw-100 vh-100 start-0 end-0 top-0 bottom-0 m-0 p-0&#8243; conditional_render=&#8221;%5B%7B%22value_role%22%3A%22administrator%22%7D%5D&#8221;][vc_raw_html el_class=&#8221;mb-0&#8243;]JTNDc3ZnJTIwdmlld0JveCUzRCUyMjAlMjAwJTIwMTAwJTIwMTAwJTIyJTIwcHJlc2VydmVBc3BlY3RSYXRpbyUzRCUyMnhNaWRZTWlkJTIwc2xpY2UlMjIlMjBjbGFzcyUzRCUyMnZ3LTEwMCUyMHZoLTEwMCUyMiUzRSUwQSUwOSUwOSUwOSUwOSUwOSUwOSUwOSUzQ2RlZnMlM0UlMEElMDklMDklMDklMDklMDklMDklMDklMDklM0NyYWRpYWxHcmFkaWVudCUyMGlkJTNEJTIyR3JhZGllbnQxJTIyJTIwY3glM0QlMjI1MCUyNSUyMiUyMGN5JTNEJTIyNTAlMjUlMjIlMjBmeCUzRCUyMjAuNDQxNjAyJTI1JTIyJTIwZnklM0QlMjI1MCUyNSUyMiUyMHIlM0QlMjIuNSUyMiUzRSUwQSUwOSUwOSUwOSUwOSUwOSUwOSUwOSUwOSUwOSUzQ2FuaW1hdGUlMjBhdHRyaWJ1dGVOYW1lJTNEJTIyZnglMjIlMjBkdXIlM0QlMjIzNHMlMjIlMjB2YWx1ZXMlM0QlMjIwJTI1JTNCMyUyNSUzQjAlMjUlMjIlMjByZXBlYXRDb3VudCUzRCUyMmluZGVmaW5pdGUlMjIlM0UlM0MlMkZhbmltYXRlJTNFJTBBJTA5JTA5JTA5JTA5JTA5JTA5JTA5JTA5JTA5JTNDc3RvcCUyMG9mZnNldCUzRCUyMjAlMjUlMjIlMjBzdG9wLWNvbG9yJTNEJTIycmdiYSUyODI1MSUyQyUyMDE5MyUyQyUyMDUlMkMlMjAwLjMlMjklMjIlM0UlM0MlMkZzdG9wJTNFJTBBJTA5JTA5JTA5JTA5JTA5JTA5JTA5JTA5JTA5JTNDc3RvcCUyMG9mZnNldCUzRCUyMjEwMCUyNSUyMiUyMHN0b3AtY29sb3IlM0QlMjJyZ2JhJTI4MjUxJTJDJTIwMTkzJTJDJTIwNSUyQyUyMDAlMjklMjIlM0UlM0MlMkZzdG9wJTNFJTBBJTA5JTA5JTA5JTA5JTA5JTA5JTA5JTA5JTNDJTJGcmFkaWFsR3JhZGllbnQlM0UlMEElMDklMDklMDklMDklMDklMDklMDklM0MlMkZkZWZzJTNFJTBBJTA5JTA5JTA5JTA5JTA5JTA5JTA5JTNDcmVjdCUyMHglM0QlMjIxMy43NDQlMjUlMjIlMjB5JTNEJTIyMS4xODQ3MyUyNSUyMiUyMHdpZHRoJTNEJTIyMTAwJTI1JTIyJTIwaGVpZ2h0JTNEJTIyMTAwJTI1JTIyJTIwZmlsbCUzRCUyMnVybCUyOCUyM0dyYWRpZW50MSUyOSUyMiUyMHRyYW5zZm9ybSUzRCUyMnJvdGF0ZSUyODMzNC40MSUyMDUwJTIwNTAlMjklMjIlM0UlMEElMDklMDklMDklMDklMDklMDklMDklMDklM0NhbmltYXRlJTIwYXR0cmlidXRlTmFtZSUzRCUyMnglMjIlMjBkdXIlM0QlMjIyMHMlMjIlMjB2YWx1ZXMlM0QlMjIyNSUyNSUzQjAlMjUlM0IyNSUyNSUyMiUyMHJlcGVhdENvdW50JTNEJTIyaW5kZWZpbml0ZSUyMiUzRSUzQyUyRmFuaW1hdGUlM0UlMEElMDklMDklMDklMDklMDklMDklMDklMDklM0NhbmltYXRlJTIwYXR0cmlidXRlTmFtZSUzRCUyMnklMjIlMjBkdXIlM0QlMjIyMXMlMjIlMjB2YWx1ZXMlM0QlMjIwJTI1JTNCMjUlMjUlM0IwJTI1JTIyJTIwcmVwZWF0Q291bnQlM0QlMjJpbmRlZmluaXRlJTIyJTNFJTNDJTJGYW5pbWF0ZSUzRSUwQSUwOSUwOSUwOSUwOSUwOSUwOSUwOSUwOSUzQ2FuaW1hdGVUcmFuc2Zvcm0lMjBhdHRyaWJ1dGVOYW1lJTNEJTIydHJhbnNmb3JtJTIyJTIwdHlwZSUzRCUyMnJvdGF0ZSUyMiUyMGZyb20lM0QlMjIwJTIwNTAlMjA1MCUyMiUyMHRvJTNEJTIyMzYwJTIwNTAlMjA1MCUyMiUyMGR1ciUzRCUyMjdzJTIyJTIwcmVwZWF0Q291bnQlM0QlMjJpbmRlZmluaXRlJTIyJTNFJTNDJTJGYW5pbWF0ZVRyYW5zZm9ybSUzRSUwQSUwOSUwOSUwOSUwOSUwOSUwOSUwOSUzQyUyRnJlY3QlM0UlMEElMDklMDklMDklMDklMDklMDklM0MlMkZzdmclM0U=[\/vc_raw_html][\/vc_column][vc_column el_class=&#8221;d-flex align-items-center min-vh-100&#8243; conditional_render=&#8221;%5B%7B%22value_role%22%3A%22administrator%22%7D%5D&#8221; offset=&#8221;vc_col-md-8&#8243;][vc_btn title=&#8221;Afl\u0103 mai multe&#8221; style=&#8221;modern&#8221; shape=&#8221;square&#8221; align=&#8221;left&#8221; i_align=&#8221;right&#8221; i_icon_fontawesome=&#8221;fas fa-arrow-right&#8221; skin=&#8221;primary&#8221; btn_fs=&#8221;14px&#8221; btn_fw=&#8221;600&#8243; btn_ls=&#8221;0&#8243; el_cls=&#8221;px-2 py-1 text-dark text-capitalize&#8221; animation_delay=&#8221;600&#8243; add_icon=&#8221;true&#8221; link=&#8221;url:https%3A%2F%2Fmarketingpoienita.ro%2Findex.php%2Fdespre-noi%2F|title:Despre%20Noi&#8221; btn_icon_size=&#8221;{&#8222;xl&#8222;:&#8222;14&#8222;,&#8222;unit&#8222;:&#8222;&#8222;,&#8222;xs&#8222;:&#8222;&#8222;,&#8222;sm&#8222;:&#8222;&#8222;,&#8222;md&#8222;:&#8222;&#8222;,&#8222;lg&#8222;:&#8222;&#8222;}&#8221; btn_icon_spacing=&#8221;{&#8222;xl&#8222;:&#8222;8&#8222;,&#8222;unit&#8222;:&#8222;&#8222;,&#8222;xs&#8222;:&#8222;&#8222;,&#8222;sm&#8222;:&#8222;&#8222;,&#8222;md&#8222;:&#8222;&#8222;,&#8222;lg&#8222;:&#8222;&#8222;}&#8221; el_class=&#8221;mb-0 rotate-45-icon text-center text-lg-start&#8221; [&hellip;]<\/p>\n","protected":false},"author":1,"featured_media":0,"parent":0,"menu_order":0,"comment_status":"closed","ping_status":"closed","template":"","meta":{"content-type":"","footnotes":""},"class_list":["post-2","page","type-page","status-publish","hentry"],"_links":{"self":[{"href":"https:\/\/marketingpoienita.ro\/index.php\/wp-json\/wp\/v2\/pages\/2","targetHints":{"allow":["GET"]}}],"collection":[{"href":"https:\/\/marketingpoienita.ro\/index.php\/wp-json\/wp\/v2\/pages"}],"about":[{"href":"https:\/\/marketingpoienita.ro\/index.php\/wp-json\/wp\/v2\/types\/page"}],"author":[{"embeddable":true,"href":"https:\/\/marketingpoienita.ro\/index.php\/wp-json\/wp\/v2\/users\/1"}],"replies":[{"embeddable":true,"href":"https:\/\/marketingpoienita.ro\/index.php\/wp-json\/wp\/v2\/comments?post=2"}],"version-history":[{"count":9,"href":"https:\/\/marketingpoienita.ro\/index.php\/wp-json\/wp\/v2\/pages\/2\/revisions"}],"predecessor-version":[{"id":513,"href":"https:\/\/marketingpoienita.ro\/index.php\/wp-json\/wp\/v2\/pages\/2\/revisions\/513"}],"wp:attachment":[{"href":"https:\/\/marketingpoienita.ro\/index.php\/wp-json\/wp\/v2\/media?parent=2"}],"curies":[{"name":"wp","href":"https:\/\/api.w.org\/{rel}","templated":true}]}}